{"id":49,"date":"2015-06-09T13:24:33","date_gmt":"2015-06-09T20:24:33","guid":{"rendered":"https:\/\/www.doublecointires.com\/?page_id=49"},"modified":"2019-11-14T14:56:42","modified_gmt":"2019-11-14T22:56:42","slug":"faq","status":"publish","type":"page","link":"https:\/\/www.doublecointires.com\/es\/support\/faq\/","title":{"rendered":"Preguntas Frecuentes"},"content":{"rendered":"<p><\/p>\n<p class=\"lead\">Algunas respuestas a las preguntas m\u00e1s frecuentes de nuestros clientes y distribuidores.<\/p>\n<h5 class=\"faq\">P: \u00bfC\u00f3mo puedo encontrar el precio de el neum\u00e1tico?<\/h5>\n<p>R: Para informaci\u00f3n de precios, <a href=\"\/dealers\/\">contacta al distribuidor Double Coin m\u00e1s cercano<\/a>.<\/p>\n<h5 class=\"faq\">P: \u00bfEn d\u00f3nde puedo comprar neum\u00e1ticos Double Coin o c\u00f3mo localizo a un distribuidor autorizado?<\/h5>\n<p>R: Llama a nuestro a nuestro centro de servicio al cliente al (888) 226-5250 para <a href=\"\/dealers\/\">encontrar al distribuidor m\u00e1s cercano<\/a>.<\/p>\n<h5 class=\"faq\">P: \u00bfCu\u00e1l es la presi\u00f3n de aire correcta para mis neum\u00e1ticos?<\/h5>\n<p>R: La presi\u00f3n de aire recomendada para los neum\u00e1ticos Double Coin est\u00e1 localizada en las paredes laterales de cada neum\u00e1tico. Una <a href=\"\/wp-content\/uploads\/Double-Coin-TBR-Load-Inflation-Chart.pdf\">hoja sobre las especificaciones de la carga de aire<\/a> est\u00e1 disponible en la secci\u00f3n de descargas de este sitio web. La presi\u00f3n del aire debe ser revisada al menos una vez por semana con un man\u00f3metro de precisi\u00f3n y cuando los neum\u00e1ticos est\u00e9n fr\u00edos. Nunca infles los neum\u00e1ticos m\u00e1s all\u00e1 de la presi\u00f3n m\u00e1xima indicada en la pared lateral del mismo.<\/p>\n<h5 class=\"faq\">P: \u00bfCu\u00e1ndo debo llevar mis neum\u00e1ticos para rotaci\u00f3n?<\/h5>\n<p>R: Consulta el manual de propietario o consulta a tu distribuidor de confianza.<\/p>\n<h5 class=\"faq\">P: \u00bfCu\u00e1l es su garant\u00eda?<\/h5>\n<p>R: Cada neum\u00e1tico Double Coin viene con una garant\u00eda limitada de f\u00e1brica hasta siete a\u00f1os, dependiendo del modelo del neum\u00e1tico. Por favor visita nuestro centro de asistencia para descargar el folleto de garant\u00eda limitada.<\/p>\n<h5 class=\"faq\">P: Acabo de reemplazar mis neum\u00e1ticos y siento algo raro cuando manejo. \u00bfQu\u00e9 puedo hacer?<\/h5>\n<p>R: Ve inmediatamente al distribuidor donde compraste tus neum\u00e1ticos, quien te debe referir con un profesional autorizado para determinar lo que puede estar causando el problema.<\/p>\n<h5 class=\"faq\">P: \u00bfQu\u00e9 tan frecuente debo revisar la presi\u00f3n del aire de mis neum\u00e1ticos?<\/h5>\n<p>R: Se recomienda revisar una vez por semana y cuando los neum\u00e1ticos est\u00e9n fr\u00edos.<\/p>\n<h5 class=\"faq\">P: \u00bfEn d\u00f3nde puedo encontrar el n\u00famero de serie que identifica a los neum\u00e1ticos? \u00bfQu\u00e9 significan?<\/h5>\n<p>R: La identificaci\u00f3n del neum\u00e1tico\/n\u00fameros de serie se encuentran en la pared lateral del mismo. Este \u201cID\u201d es una serie de n\u00fameros y letras que proporcionan informaci\u00f3n sobre d\u00f3nde y cu\u00e1ndo se fabric\u00f3 el neum\u00e1tico, as\u00ed como otros datos importantes como los tama\u00f1os, compuestos, etc.<\/p>\n<h5 class=\"faq\">P : \u00bfQu\u00e9 debo hacer si los cinturones o cuerdas en mi neum\u00e1tico son visibles?<\/h5>\n<p>R: Debes dejar de usar el neum\u00e1tico inmediatamente. Lleva el neum\u00e1tico a tu <a href=\"\/dealers\/\">distribuidor local<\/a> para que sea reemplazado.<\/p>","protected":false},"excerpt":{"rendered":"<p>Algunas respuestas a las preguntas m\u00e1s frecuentes de nuestros clientes y distribuidores. P: \u00bfC\u00f3mo puedo encontrar el precio de el neum\u00e1tico? R: Para informaci\u00f3n de precios, contacta al distribuidor Double Coin m\u00e1s cercano. P: \u00bfEn d\u00f3nde puedo comprar neum\u00e1ticos Double Coin o c\u00f3mo localizo a un distribuidor autorizado? R: Llama a nuestro a nuestro centro [&hellip;]<\/p>\n","protected":false},"author":18,"featured_media":0,"parent":43,"menu_order":0,"comment_status":"open","ping_status":"open","template":"templates\/template-page.php","meta":{"_acf_changed":false,"inline_featured_image":false,"footnotes":""},"class_list":["post-49","page","type-page","status-publish","hentry"],"acf":[],"_links":{"self":[{"href":"https:\/\/www.doublecointires.com\/es\/wp-json\/wp\/v2\/pages\/49","targetHints":{"allow":["GET"]}}],"collection":[{"href":"https:\/\/www.doublecointires.com\/es\/wp-json\/wp\/v2\/pages"}],"about":[{"href":"https:\/\/www.doublecointires.com\/es\/wp-json\/wp\/v2\/types\/page"}],"author":[{"embeddable":true,"href":"https:\/\/www.doublecointires.com\/es\/wp-json\/wp\/v2\/users\/18"}],"replies":[{"embeddable":true,"href":"https:\/\/www.doublecointires.com\/es\/wp-json\/wp\/v2\/comments?post=49"}],"version-history":[{"count":0,"href":"https:\/\/www.doublecointires.com\/es\/wp-json\/wp\/v2\/pages\/49\/revisions"}],"up":[{"embeddable":true,"href":"https:\/\/www.doublecointires.com\/es\/wp-json\/wp\/v2\/pages\/43"}],"wp:attachment":[{"href":"https:\/\/www.doublecointires.com\/es\/wp-json\/wp\/v2\/media?parent=49"}],"curies":[{"name":"wp","href":"https:\/\/api.w.org\/{rel}","templated":true}]}}