{"id":55,"date":"2015-06-09T13:25:17","date_gmt":"2015-06-09T20:25:17","guid":{"rendered":"https:\/\/www.doublecointires.com\/?page_id=55"},"modified":"2024-01-24T08:31:55","modified_gmt":"2024-01-24T16:31:55","slug":"about-us","status":"publish","type":"page","link":"https:\/\/www.doublecointires.com\/es\/about-us\/","title":{"rendered":"Compa\u00f1\u00eda"},"content":{"rendered":"<p>Compa\u00f1ia<\/p>","protected":false},"excerpt":{"rendered":"<p>Compa\u00f1ia<\/p>\n","protected":false},"author":18,"featured_media":0,"parent":0,"menu_order":0,"comment_status":"open","ping_status":"open","template":"templates\/template-company.php","meta":{"_acf_changed":false,"inline_featured_image":false,"footnotes":""},"class_list":["post-55","page","type-page","status-publish","hentry"],"acf":[],"_links":{"self":[{"href":"https:\/\/www.doublecointires.com\/es\/wp-json\/wp\/v2\/pages\/55","targetHints":{"allow":["GET"]}}],"collection":[{"href":"https:\/\/www.doublecointires.com\/es\/wp-json\/wp\/v2\/pages"}],"about":[{"href":"https:\/\/www.doublecointires.com\/es\/wp-json\/wp\/v2\/types\/page"}],"author":[{"embeddable":true,"href":"https:\/\/www.doublecointires.com\/es\/wp-json\/wp\/v2\/users\/18"}],"replies":[{"embeddable":true,"href":"https:\/\/www.doublecointires.com\/es\/wp-json\/wp\/v2\/comments?post=55"}],"version-history":[{"count":0,"href":"https:\/\/www.doublecointires.com\/es\/wp-json\/wp\/v2\/pages\/55\/revisions"}],"wp:attachment":[{"href":"https:\/\/www.doublecointires.com\/es\/wp-json\/wp\/v2\/media?parent=55"}],"curies":[{"name":"wp","href":"https:\/\/api.w.org\/{rel}","templated":true}]}}